{"id":96,"date":"2020-08-12T15:22:40","date_gmt":"2020-08-12T13:22:40","guid":{"rendered":"http:\/\/distilleriemeyer.fr\/portail\/?page_id=96"},"modified":"2020-08-12T15:38:54","modified_gmt":"2020-08-12T13:38:54","slug":"professionnels","status":"publish","type":"page","link":"https:\/\/distilleriemeyer.fr\/portail\/professionnels\/","title":{"rendered":"Professionnels"},"content":{"rendered":"<p>[et_pb_section fb_built=\u00a0\u00bb1&Prime; fullwidth=\u00a0\u00bbon\u00a0\u00bb admin_label=\u00a0\u00bbHeader Section\u00a0\u00bb _builder_version=\u00a0\u00bb4.4.2&Prime; background_color=\u00a0\u00bb#000000&Prime; background_enable_image=\u00a0\u00bboff\u00a0\u00bb background_position=\u00a0\u00bbtop_left\u00a0\u00bb module_alignment=\u00a0\u00bbcenter\u00a0\u00bb custom_margin=\u00a0\u00bb-60px||||false|false\u00a0\u00bb custom_padding=\u00a0\u00bb||||false|false\u00a0\u00bb][et_pb_fullwidth_header text_orientation=\u00a0\u00bbcenter\u00a0\u00bb header_fullscreen=\u00a0\u00bbon\u00a0\u00bb button_one_url=\u00a0\u00bbhttps:\/\/maisondudistillateur.fr\/boutique\u00a0\u00bb button_two_url=\u00a0\u00bbhttps:\/\/distilleriemeyer.fr\/pro\u00a0\u00bb logo_image_url=\u00a0\u00bbhttp:\/\/distilleriemeyer.fr\/portail\/wp-content\/uploads\/2020\/07\/Logo-MEYERS-blanc.png\u00a0\u00bb _builder_version=\u00a0\u00bb4.4.2&Prime; title_level=\u00a0\u00bbh4&Prime; title_text_color=\u00a0\u00bb#000000&Prime; title_font_size=\u00a0\u00bb21px\u00a0\u00bb title_letter_spacing=\u00a0\u00bb8px\u00a0\u00bb title_line_height=\u00a0\u00bb1.7em\u00a0\u00bb content_font_size=\u00a0\u00bb15px\u00a0\u00bb content_line_height=\u00a0\u00bb1.6em\u00a0\u00bb subhead_text_align=\u00a0\u00bbcenter\u00a0\u00bb subhead_letter_spacing=\u00a0\u00bb3px\u00a0\u00bb subhead_line_height=\u00a0\u00bb3em\u00a0\u00bb background_image=\u00a0\u00bbhttp:\/\/distilleriemeyer.fr\/portail\/wp-content\/uploads\/2020\/07\/header-tonneaux.jpg\u00a0\u00bb width=\u00a0\u00bb100%\u00a0\u00bb module_alignment=\u00a0\u00bbcenter\u00a0\u00bb min_height=\u00a0\u00bb1000px\u00a0\u00bb height=\u00a0\u00bb1100px\u00a0\u00bb custom_padding=\u00a0\u00bb||||false|false\u00a0\u00bb hover_enabled=\u00a0\u00bb0&Prime; border_radii_image=\u00a0\u00bboff||||\u00a0\u00bb border_width_all_image=\u00a0\u00bb36px\u00a0\u00bb border_color_all_image=\u00a0\u00bbrgba(51,51,51,0)\u00a0\u00bb]<\/p>\n<p style=\"text-align: center;\"><strong><\/strong><\/p>\n<p style=\"text-align: center;\"><strong>D\u00e9couvrez prochainement le tout nouvel univers de la Distillerie Meyer d\u00e9di\u00e9 au monde professionnel.<\/strong><\/p>\n<p style=\"text-align: center;\"><strong>Dans cette attente, n&rsquo;h\u00e9sitez pas \u00e0 nous contacter.<\/strong><\/p>\n<p style=\"text-align: center;\">_____________<\/p>\n<p style=\"text-align: center;\"><div role=\"form\" class=\"wpcf7\" id=\"wpcf7-f104-o1\" lang=\"fr-FR\" dir=\"ltr\">\n<div class=\"screen-reader-response\"><p role=\"status\" aria-live=\"polite\" aria-atomic=\"true\"><\/p> <ul><\/ul><\/div>\n<form action=\"\/portail\/wp-json\/wp\/v2\/pages\/96#wpcf7-f104-o1\" method=\"post\" class=\"wpcf7-form init\" novalidate=\"novalidate\" data-status=\"init\">\n<div style=\"display: none;\">\n<input type=\"hidden\" name=\"_wpcf7\" value=\"104\" \/>\n<input type=\"hidden\" name=\"_wpcf7_version\" value=\"5.5.6\" \/>\n<input type=\"hidden\" name=\"_wpcf7_locale\" value=\"fr_FR\" \/>\n<input type=\"hidden\" name=\"_wpcf7_unit_tag\" value=\"wpcf7-f104-o1\" \/>\n<input type=\"hidden\" name=\"_wpcf7_container_post\" value=\"0\" \/>\n<input type=\"hidden\" name=\"_wpcf7_posted_data_hash\" value=\"\" \/>\n<\/div>\n<p><label> Votre nom (obligatoire)<br \/>\n    <span class=\"wpcf7-form-control-wrap your-name\"><input type=\"text\" name=\"your-name\" value=\"\" size=\"40\" class=\"wpcf7-form-control wpcf7-text wpcf7-validates-as-required\" aria-required=\"true\" aria-invalid=\"false\" \/><\/span> <\/label><\/p>\n<p><label> Votre e-mail (obligatoire)<br \/>\n    <span class=\"wpcf7-form-control-wrap your-email\"><input type=\"email\" name=\"your-email\" value=\"\" size=\"40\" class=\"wpcf7-form-control wpcf7-text wpcf7-email wpcf7-validates-as-required wpcf7-validates-as-email\" aria-required=\"true\" aria-invalid=\"false\" \/><\/span> <\/label><\/p>\n<p><label> Votre message<br \/>\n    <span class=\"wpcf7-form-control-wrap your-message\"><textarea name=\"your-message\" cols=\"40\" rows=\"10\" class=\"wpcf7-form-control wpcf7-textarea\" aria-invalid=\"false\"><\/textarea><\/span> <\/label><\/p>\n<p><input type=\"submit\" value=\"Envoyer\" class=\"wpcf7-form-control has-spinner wpcf7-submit\" \/><\/p>\n<p style=\"display: none !important;\"><label>&#916;<textarea name=\"_wpcf7_ak_hp_textarea\" cols=\"45\" rows=\"8\" maxlength=\"100\"><\/textarea><\/label><input type=\"hidden\" id=\"ak_js_1\" name=\"_wpcf7_ak_js\" value=\"168\"\/><script>document.getElementById( \"ak_js_1\" ).setAttribute( \"value\", ( new Date() ).getTime() );<\/script><\/p><div class=\"wpcf7-response-output\" aria-hidden=\"true\"><\/div><\/form><\/div><\/p>\n<p>[\/et_pb_fullwidth_header][\/et_pb_section]<\/p>\n","protected":false},"excerpt":{"rendered":"<p>[et_pb_section fb_built=\u00a0\u00bb1&Prime; fullwidth=\u00a0\u00bbon\u00a0\u00bb admin_label=\u00a0\u00bbHeader Section\u00a0\u00bb _builder_version=\u00a0\u00bb4.4.2&Prime; background_color=\u00a0\u00bb#000000&Prime; background_enable_image=\u00a0\u00bboff\u00a0\u00bb background_position=\u00a0\u00bbtop_left\u00a0\u00bb module_alignment=\u00a0\u00bbcenter\u00a0\u00bb custom_margin=\u00a0\u00bb-60px||||false|false\u00a0\u00bb custom_padding=\u00a0\u00bb||||false|false\u00a0\u00bb][et_pb_fullwidth_header text_orientation=\u00a0\u00bbcenter\u00a0\u00bb header_fullscreen=\u00a0\u00bbon\u00a0\u00bb button_one_url=\u00a0\u00bbhttps:\/\/maisondudistillateur.fr\/boutique\u00a0\u00bb button_two_url=\u00a0\u00bbhttps:\/\/distilleriemeyer.fr\/pro\u00a0\u00bb logo_image_url=\u00a0\u00bbhttp:\/\/distilleriemeyer.fr\/portail\/wp-content\/uploads\/2020\/07\/Logo-MEYERS-blanc.png\u00a0\u00bb _builder_version=\u00a0\u00bb4.4.2&Prime; title_level=\u00a0\u00bbh4&Prime; title_text_color=\u00a0\u00bb#000000&Prime; title_font_size=\u00a0\u00bb21px\u00a0\u00bb title_letter_spacing=\u00a0\u00bb8px\u00a0\u00bb title_line_height=\u00a0\u00bb1.7em\u00a0\u00bb content_font_size=\u00a0\u00bb15px\u00a0\u00bb content_line_height=\u00a0\u00bb1.6em\u00a0\u00bb subhead_text_align=\u00a0\u00bbcenter\u00a0\u00bb subhead_letter_spacing=\u00a0\u00bb3px\u00a0\u00bb subhead_line_height=\u00a0\u00bb3em\u00a0\u00bb background_image=\u00a0\u00bbhttp:\/\/distilleriemeyer.fr\/portail\/wp-content\/uploads\/2020\/07\/header-tonneaux.jpg\u00a0\u00bb width=\u00a0\u00bb100%\u00a0\u00bb module_alignment=\u00a0\u00bbcenter\u00a0\u00bb min_height=\u00a0\u00bb1000px\u00a0\u00bb height=\u00a0\u00bb1100px\u00a0\u00bb custom_padding=\u00a0\u00bb||||false|false\u00a0\u00bb hover_enabled=\u00a0\u00bb0&Prime; border_radii_image=\u00a0\u00bboff||||\u00a0\u00bb border_width_all_image=\u00a0\u00bb36px\u00a0\u00bb border_color_all_image=\u00a0\u00bbrgba(51,51,51,0)\u00a0\u00bb] D\u00e9couvrez prochainement le tout nouvel univers de la Distillerie Meyer d\u00e9di\u00e9 au monde professionnel. Dans cette attente, [&hellip;]<\/p>\n","protected":false},"author":1,"featured_media":0,"parent":0,"menu_order":0,"comment_status":"closed","ping_status":"closed","template":"","meta":{"_et_pb_use_builder":"on","_et_pb_old_content":"","_et_gb_content_width":""},"_links":{"self":[{"href":"https:\/\/distilleriemeyer.fr\/portail\/wp-json\/wp\/v2\/pages\/96"}],"collection":[{"href":"https:\/\/distilleriemeyer.fr\/portail\/wp-json\/wp\/v2\/pages"}],"about":[{"href":"https:\/\/distilleriemeyer.fr\/portail\/wp-json\/wp\/v2\/types\/page"}],"author":[{"embeddable":true,"href":"https:\/\/distilleriemeyer.fr\/portail\/wp-json\/wp\/v2\/users\/1"}],"replies":[{"embeddable":true,"href":"https:\/\/distilleriemeyer.fr\/portail\/wp-json\/wp\/v2\/comments?post=96"}],"version-history":[{"count":9,"href":"https:\/\/distilleriemeyer.fr\/portail\/wp-json\/wp\/v2\/pages\/96\/revisions"}],"predecessor-version":[{"id":113,"href":"https:\/\/distilleriemeyer.fr\/portail\/wp-json\/wp\/v2\/pages\/96\/revisions\/113"}],"wp:attachment":[{"href":"https:\/\/distilleriemeyer.fr\/portail\/wp-json\/wp\/v2\/media?parent=96"}],"curies":[{"name":"wp","href":"https:\/\/api.w.org\/{rel}","templated":true}]}}